{"id":1564,"date":"2020-12-01T16:56:59","date_gmt":"2020-12-01T13:56:59","guid":{"rendered":"http:\/\/www.grafas.org\/demo05\/?page_id=1564"},"modified":"2025-08-19T19:41:03","modified_gmt":"2025-08-19T17:41:03","slug":"portfolio","status":"publish","type":"page","link":"https:\/\/maxsimuselektryk.pl\/?page_id=1564","title":{"rendered":"Portfolio"},"content":{"rendered":"\t\t<div data-elementor-type=\"wp-page\" data-elementor-id=\"1564\" class=\"elementor elementor-1564\">\n\t\t\t\t\t\t<section class=\"elementor-section elementor-top-section elementor-element elementor-element-673110c elementor-section-boxed elementor-section-height-default elementor-section-height-default\" data-id=\"673110c\" data-element_type=\"section\" data-settings=\"{&quot;background_background&quot;:&quot;classic&quot;}\">\n\t\t\t\t\t\t\t<div class=\"elementor-background-overlay\"><\/div>\n\t\t\t\t\t\t\t<div class=\"elementor-container elementor-column-gap-default\">\n\t\t\t\t\t<div class=\"elementor-column elementor-col-50 elementor-top-column elementor-element elementor-element-3afb89c\" data-id=\"3afb89c\" data-element_type=\"column\">\n\t\t\t<div class=\"elementor-widget-wrap elementor-element-populated\">\n\t\t\t\t\t\t<div class=\"elementor-element elementor-element-b845d81 elementor-widget elementor-widget-heading\" data-id=\"b845d81\" data-element_type=\"widget\" data-widget_type=\"heading.default\">\n\t\t\t\t\t<h1 class=\"elementor-heading-title elementor-size-default\">Portfolio<\/h1>\t\t\t\t<\/div>\n\t\t\t\t\t<\/div>\n\t\t<\/div>\n\t\t\t\t<div class=\"elementor-column elementor-col-50 elementor-top-column elementor-element elementor-element-19ff1b7\" data-id=\"19ff1b7\" data-element_type=\"column\">\n\t\t\t<div class=\"elementor-widget-wrap\">\n\t\t\t\t\t\t\t<\/div>\n\t\t<\/div>\n\t\t\t\t\t<\/div>\n\t\t<\/section>\n\t\t\t\t<section class=\"elementor-section elementor-top-section elementor-element elementor-element-e408ec9 elementor-section-boxed elementor-section-height-default elementor-section-height-default\" data-id=\"e408ec9\" data-element_type=\"section\">\n\t\t\t\t\t\t<div class=\"elementor-container elementor-column-gap-default\">\n\t\t\t\t\t<div class=\"elementor-column elementor-col-100 elementor-top-column elementor-element elementor-element-5cfeac0\" data-id=\"5cfeac0\" data-element_type=\"column\">\n\t\t\t<div class=\"elementor-widget-wrap elementor-element-populated\">\n\t\t\t\t\t\t<div class=\"elementor-element elementor-element-331d02f gallery-spacing-custom elementor-widget elementor-widget-image-gallery\" data-id=\"331d02f\" data-element_type=\"widget\" data-widget_type=\"image-gallery.default\">\n\t\t\t\t\t\t\t<div class=\"elementor-image-gallery\">\n\t\t\t<div id='gallery-1' class='gallery galleryid-1564 gallery-columns-2 gallery-size-full'><figure class='gallery-item'>\n\t\t\t<div class='gallery-icon portrait'>\n\t\t\t\t<a data-elementor-open-lightbox=\"no\" href='https:\/\/maxsimuselektryk.pl\/wp-content\/uploads\/2025\/08\/IMG-20250819-WA0011.jpg'><img fetchpriority=\"high\" decoding=\"async\" width=\"1536\" height=\"2048\" src=\"https:\/\/maxsimuselektryk.pl\/wp-content\/uploads\/2025\/08\/IMG-20250819-WA0011.jpg\" class=\"attachment-full size-full\" alt=\"\" srcset=\"https:\/\/maxsimuselektryk.pl\/wp-content\/uploads\/2025\/08\/IMG-20250819-WA0011.jpg 1536w, https:\/\/maxsimuselektryk.pl\/wp-content\/uploads\/2025\/08\/IMG-20250819-WA0011-225x300.jpg 225w, https:\/\/maxsimuselektryk.pl\/wp-content\/uploads\/2025\/08\/IMG-20250819-WA0011-768x1024.jpg 768w, https:\/\/maxsimuselektryk.pl\/wp-content\/uploads\/2025\/08\/IMG-20250819-WA0011-1152x1536.jpg 1152w\" sizes=\"(max-width: 1536px) 100vw, 1536px\" \/><\/a>\n\t\t\t<\/div><\/figure><figure class='gallery-item'>\n\t\t\t<div class='gallery-icon portrait'>\n\t\t\t\t<a data-elementor-open-lightbox=\"no\" href='https:\/\/maxsimuselektryk.pl\/wp-content\/uploads\/2025\/08\/IMG-20250819-WA0013.jpg'><img decoding=\"async\" width=\"1536\" height=\"2048\" src=\"https:\/\/maxsimuselektryk.pl\/wp-content\/uploads\/2025\/08\/IMG-20250819-WA0013.jpg\" class=\"attachment-full size-full\" alt=\"\" srcset=\"https:\/\/maxsimuselektryk.pl\/wp-content\/uploads\/2025\/08\/IMG-20250819-WA0013.jpg 1536w, https:\/\/maxsimuselektryk.pl\/wp-content\/uploads\/2025\/08\/IMG-20250819-WA0013-225x300.jpg 225w, https:\/\/maxsimuselektryk.pl\/wp-content\/uploads\/2025\/08\/IMG-20250819-WA0013-768x1024.jpg 768w, https:\/\/maxsimuselektryk.pl\/wp-content\/uploads\/2025\/08\/IMG-20250819-WA0013-1152x1536.jpg 1152w\" sizes=\"(max-width: 1536px) 100vw, 1536px\" \/><\/a>\n\t\t\t<\/div><\/figure><figure class='gallery-item'>\n\t\t\t<div class='gallery-icon portrait'>\n\t\t\t\t<a data-elementor-open-lightbox=\"no\" href='https:\/\/maxsimuselektryk.pl\/wp-content\/uploads\/2025\/08\/IMG-20250819-WA0009.jpg'><img decoding=\"async\" width=\"1152\" height=\"2048\" src=\"https:\/\/maxsimuselektryk.pl\/wp-content\/uploads\/2025\/08\/IMG-20250819-WA0009.jpg\" class=\"attachment-full size-full\" alt=\"\" srcset=\"https:\/\/maxsimuselektryk.pl\/wp-content\/uploads\/2025\/08\/IMG-20250819-WA0009.jpg 1152w, https:\/\/maxsimuselektryk.pl\/wp-content\/uploads\/2025\/08\/IMG-20250819-WA0009-169x300.jpg 169w, https:\/\/maxsimuselektryk.pl\/wp-content\/uploads\/2025\/08\/IMG-20250819-WA0009-576x1024.jpg 576w, https:\/\/maxsimuselektryk.pl\/wp-content\/uploads\/2025\/08\/IMG-20250819-WA0009-768x1365.jpg 768w, https:\/\/maxsimuselektryk.pl\/wp-content\/uploads\/2025\/08\/IMG-20250819-WA0009-864x1536.jpg 864w\" sizes=\"(max-width: 1152px) 100vw, 1152px\" \/><\/a>\n\t\t\t<\/div><\/figure><figure class='gallery-item'>\n\t\t\t<div class='gallery-icon portrait'>\n\t\t\t\t<a data-elementor-open-lightbox=\"no\" href='https:\/\/maxsimuselektryk.pl\/wp-content\/uploads\/2025\/08\/IMG-20250819-WA00081.jpg'><img loading=\"lazy\" decoding=\"async\" width=\"1536\" height=\"2048\" src=\"https:\/\/maxsimuselektryk.pl\/wp-content\/uploads\/2025\/08\/IMG-20250819-WA00081.jpg\" class=\"attachment-full size-full\" alt=\"\" srcset=\"https:\/\/maxsimuselektryk.pl\/wp-content\/uploads\/2025\/08\/IMG-20250819-WA00081.jpg 1536w, https:\/\/maxsimuselektryk.pl\/wp-content\/uploads\/2025\/08\/IMG-20250819-WA00081-225x300.jpg 225w, https:\/\/maxsimuselektryk.pl\/wp-content\/uploads\/2025\/08\/IMG-20250819-WA00081-768x1024.jpg 768w, https:\/\/maxsimuselektryk.pl\/wp-content\/uploads\/2025\/08\/IMG-20250819-WA00081-1152x1536.jpg 1152w\" sizes=\"(max-width: 1536px) 100vw, 1536px\" \/><\/a>\n\t\t\t<\/div><\/figure><figure class='gallery-item'>\n\t\t\t<div class='gallery-icon portrait'>\n\t\t\t\t<a data-elementor-open-lightbox=\"no\" href='https:\/\/maxsimuselektryk.pl\/wp-content\/uploads\/2025\/08\/IMG-20250819-WA0012.jpg'><img loading=\"lazy\" decoding=\"async\" width=\"1536\" height=\"2048\" src=\"https:\/\/maxsimuselektryk.pl\/wp-content\/uploads\/2025\/08\/IMG-20250819-WA0012.jpg\" class=\"attachment-full size-full\" alt=\"\" srcset=\"https:\/\/maxsimuselektryk.pl\/wp-content\/uploads\/2025\/08\/IMG-20250819-WA0012.jpg 1536w, https:\/\/maxsimuselektryk.pl\/wp-content\/uploads\/2025\/08\/IMG-20250819-WA0012-225x300.jpg 225w, https:\/\/maxsimuselektryk.pl\/wp-content\/uploads\/2025\/08\/IMG-20250819-WA0012-768x1024.jpg 768w, https:\/\/maxsimuselektryk.pl\/wp-content\/uploads\/2025\/08\/IMG-20250819-WA0012-1152x1536.jpg 1152w\" sizes=\"(max-width: 1536px) 100vw, 1536px\" \/><\/a>\n\t\t\t<\/div><\/figure><figure class='gallery-item'>\n\t\t\t<div class='gallery-icon portrait'>\n\t\t\t\t<a data-elementor-open-lightbox=\"no\" href='https:\/\/maxsimuselektryk.pl\/wp-content\/uploads\/2025\/08\/IMG-20250819-WA0012-1.jpg'><img loading=\"lazy\" decoding=\"async\" width=\"1536\" height=\"2048\" src=\"https:\/\/maxsimuselektryk.pl\/wp-content\/uploads\/2025\/08\/IMG-20250819-WA0012-1.jpg\" class=\"attachment-full size-full\" alt=\"\" srcset=\"https:\/\/maxsimuselektryk.pl\/wp-content\/uploads\/2025\/08\/IMG-20250819-WA0012-1.jpg 1536w, https:\/\/maxsimuselektryk.pl\/wp-content\/uploads\/2025\/08\/IMG-20250819-WA0012-1-225x300.jpg 225w, https:\/\/maxsimuselektryk.pl\/wp-content\/uploads\/2025\/08\/IMG-20250819-WA0012-1-768x1024.jpg 768w, https:\/\/maxsimuselektryk.pl\/wp-content\/uploads\/2025\/08\/IMG-20250819-WA0012-1-1152x1536.jpg 1152w\" sizes=\"(max-width: 1536px) 100vw, 1536px\" \/><\/a>\n\t\t\t<\/div><\/figure><figure class='gallery-item'>\n\t\t\t<div class='gallery-icon portrait'>\n\t\t\t\t<a data-elementor-open-lightbox=\"no\" href='https:\/\/maxsimuselektryk.pl\/wp-content\/uploads\/2025\/08\/IMG-20250819-WA0014-1.jpg'><img loading=\"lazy\" decoding=\"async\" width=\"1536\" height=\"2048\" src=\"https:\/\/maxsimuselektryk.pl\/wp-content\/uploads\/2025\/08\/IMG-20250819-WA0014-1.jpg\" class=\"attachment-full size-full\" alt=\"\" srcset=\"https:\/\/maxsimuselektryk.pl\/wp-content\/uploads\/2025\/08\/IMG-20250819-WA0014-1.jpg 1536w, https:\/\/maxsimuselektryk.pl\/wp-content\/uploads\/2025\/08\/IMG-20250819-WA0014-1-225x300.jpg 225w, https:\/\/maxsimuselektryk.pl\/wp-content\/uploads\/2025\/08\/IMG-20250819-WA0014-1-768x1024.jpg 768w, https:\/\/maxsimuselektryk.pl\/wp-content\/uploads\/2025\/08\/IMG-20250819-WA0014-1-1152x1536.jpg 1152w\" sizes=\"(max-width: 1536px) 100vw, 1536px\" \/><\/a>\n\t\t\t<\/div><\/figure><figure class='gallery-item'>\n\t\t\t<div class='gallery-icon portrait'>\n\t\t\t\t<a data-elementor-open-lightbox=\"no\" href='https:\/\/maxsimuselektryk.pl\/wp-content\/uploads\/2025\/08\/IMG-20250819-WA0008.jpg'><img loading=\"lazy\" decoding=\"async\" width=\"1536\" height=\"2048\" src=\"https:\/\/maxsimuselektryk.pl\/wp-content\/uploads\/2025\/08\/IMG-20250819-WA0008.jpg\" class=\"attachment-full size-full\" alt=\"\" srcset=\"https:\/\/maxsimuselektryk.pl\/wp-content\/uploads\/2025\/08\/IMG-20250819-WA0008.jpg 1536w, https:\/\/maxsimuselektryk.pl\/wp-content\/uploads\/2025\/08\/IMG-20250819-WA0008-225x300.jpg 225w, https:\/\/maxsimuselektryk.pl\/wp-content\/uploads\/2025\/08\/IMG-20250819-WA0008-768x1024.jpg 768w, https:\/\/maxsimuselektryk.pl\/wp-content\/uploads\/2025\/08\/IMG-20250819-WA0008-1152x1536.jpg 1152w\" sizes=\"(max-width: 1536px) 100vw, 1536px\" \/><\/a>\n\t\t\t<\/div><\/figure><figure class='gallery-item'>\n\t\t\t<div class='gallery-icon portrait'>\n\t\t\t\t<a data-elementor-open-lightbox=\"no\" href='https:\/\/maxsimuselektryk.pl\/wp-content\/uploads\/2025\/08\/IMG-20250819-WA0010.jpg'><img loading=\"lazy\" decoding=\"async\" width=\"1536\" height=\"2048\" src=\"https:\/\/maxsimuselektryk.pl\/wp-content\/uploads\/2025\/08\/IMG-20250819-WA0010.jpg\" class=\"attachment-full size-full\" alt=\"\" srcset=\"https:\/\/maxsimuselektryk.pl\/wp-content\/uploads\/2025\/08\/IMG-20250819-WA0010.jpg 1536w, https:\/\/maxsimuselektryk.pl\/wp-content\/uploads\/2025\/08\/IMG-20250819-WA0010-225x300.jpg 225w, https:\/\/maxsimuselektryk.pl\/wp-content\/uploads\/2025\/08\/IMG-20250819-WA0010-768x1024.jpg 768w, https:\/\/maxsimuselektryk.pl\/wp-content\/uploads\/2025\/08\/IMG-20250819-WA0010-1152x1536.jpg 1152w\" sizes=\"(max-width: 1536px) 100vw, 1536px\" \/><\/a>\n\t\t\t<\/div><\/figure><figure class='gallery-item'>\n\t\t\t<div class='gallery-icon portrait'>\n\t\t\t\t<a data-elementor-open-lightbox=\"no\" href='https:\/\/maxsimuselektryk.pl\/wp-content\/uploads\/2025\/08\/IMG-20250819-WA0011-1.jpg'><img loading=\"lazy\" decoding=\"async\" width=\"1536\" height=\"2048\" src=\"https:\/\/maxsimuselektryk.pl\/wp-content\/uploads\/2025\/08\/IMG-20250819-WA0011-1.jpg\" class=\"attachment-full size-full\" alt=\"\" srcset=\"https:\/\/maxsimuselektryk.pl\/wp-content\/uploads\/2025\/08\/IMG-20250819-WA0011-1.jpg 1536w, https:\/\/maxsimuselektryk.pl\/wp-content\/uploads\/2025\/08\/IMG-20250819-WA0011-1-225x300.jpg 225w, https:\/\/maxsimuselektryk.pl\/wp-content\/uploads\/2025\/08\/IMG-20250819-WA0011-1-768x1024.jpg 768w, https:\/\/maxsimuselektryk.pl\/wp-content\/uploads\/2025\/08\/IMG-20250819-WA0011-1-1152x1536.jpg 1152w\" sizes=\"(max-width: 1536px) 100vw, 1536px\" \/><\/a>\n\t\t\t<\/div><\/figure><figure class='gallery-item'>\n\t\t\t<div class='gallery-icon portrait'>\n\t\t\t\t<a data-elementor-open-lightbox=\"no\" href='https:\/\/maxsimuselektryk.pl\/wp-content\/uploads\/2025\/08\/IMG-20250819-WA0008-1.jpg'><img loading=\"lazy\" decoding=\"async\" width=\"1536\" height=\"2048\" src=\"https:\/\/maxsimuselektryk.pl\/wp-content\/uploads\/2025\/08\/IMG-20250819-WA0008-1.jpg\" class=\"attachment-full size-full\" alt=\"\" srcset=\"https:\/\/maxsimuselektryk.pl\/wp-content\/uploads\/2025\/08\/IMG-20250819-WA0008-1.jpg 1536w, https:\/\/maxsimuselektryk.pl\/wp-content\/uploads\/2025\/08\/IMG-20250819-WA0008-1-225x300.jpg 225w, https:\/\/maxsimuselektryk.pl\/wp-content\/uploads\/2025\/08\/IMG-20250819-WA0008-1-768x1024.jpg 768w, https:\/\/maxsimuselektryk.pl\/wp-content\/uploads\/2025\/08\/IMG-20250819-WA0008-1-1152x1536.jpg 1152w\" sizes=\"(max-width: 1536px) 100vw, 1536px\" \/><\/a>\n\t\t\t<\/div><\/figure><figure class='gallery-item'>\n\t\t\t<div class='gallery-icon portrait'>\n\t\t\t\t<a data-elementor-open-lightbox=\"no\" href='https:\/\/maxsimuselektryk.pl\/wp-content\/uploads\/2025\/08\/IMG-20250819-WA0013-1.jpg'><img loading=\"lazy\" decoding=\"async\" width=\"1536\" height=\"2048\" src=\"https:\/\/maxsimuselektryk.pl\/wp-content\/uploads\/2025\/08\/IMG-20250819-WA0013-1.jpg\" class=\"attachment-full size-full\" alt=\"\" srcset=\"https:\/\/maxsimuselektryk.pl\/wp-content\/uploads\/2025\/08\/IMG-20250819-WA0013-1.jpg 1536w, https:\/\/maxsimuselektryk.pl\/wp-content\/uploads\/2025\/08\/IMG-20250819-WA0013-1-225x300.jpg 225w, https:\/\/maxsimuselektryk.pl\/wp-content\/uploads\/2025\/08\/IMG-20250819-WA0013-1-768x1024.jpg 768w, https:\/\/maxsimuselektryk.pl\/wp-content\/uploads\/2025\/08\/IMG-20250819-WA0013-1-1152x1536.jpg 1152w\" sizes=\"(max-width: 1536px) 100vw, 1536px\" \/><\/a>\n\t\t\t<\/div><\/figure><figure class='gallery-item'>\n\t\t\t<div class='gallery-icon portrait'>\n\t\t\t\t<a data-elementor-open-lightbox=\"no\" href='https:\/\/maxsimuselektryk.pl\/wp-content\/uploads\/2025\/08\/IMG-20250819-WA0009-1.jpg'><img loading=\"lazy\" decoding=\"async\" width=\"1152\" height=\"2048\" src=\"https:\/\/maxsimuselektryk.pl\/wp-content\/uploads\/2025\/08\/IMG-20250819-WA0009-1.jpg\" class=\"attachment-full size-full\" alt=\"\" srcset=\"https:\/\/maxsimuselektryk.pl\/wp-content\/uploads\/2025\/08\/IMG-20250819-WA0009-1.jpg 1152w, https:\/\/maxsimuselektryk.pl\/wp-content\/uploads\/2025\/08\/IMG-20250819-WA0009-1-169x300.jpg 169w, https:\/\/maxsimuselektryk.pl\/wp-content\/uploads\/2025\/08\/IMG-20250819-WA0009-1-576x1024.jpg 576w, https:\/\/maxsimuselektryk.pl\/wp-content\/uploads\/2025\/08\/IMG-20250819-WA0009-1-768x1365.jpg 768w, https:\/\/maxsimuselektryk.pl\/wp-content\/uploads\/2025\/08\/IMG-20250819-WA0009-1-864x1536.jpg 864w\" sizes=\"(max-width: 1152px) 100vw, 1152px\" \/><\/a>\n\t\t\t<\/div><\/figure><figure class='gallery-item'>\n\t\t\t<div class='gallery-icon portrait'>\n\t\t\t\t<a data-elementor-open-lightbox=\"no\" href='https:\/\/maxsimuselektryk.pl\/wp-content\/uploads\/2025\/08\/IMG-20250819-WA0010-1.jpg'><img loading=\"lazy\" decoding=\"async\" width=\"1536\" height=\"2048\" src=\"https:\/\/maxsimuselektryk.pl\/wp-content\/uploads\/2025\/08\/IMG-20250819-WA0010-1.jpg\" class=\"attachment-full size-full\" alt=\"\" srcset=\"https:\/\/maxsimuselektryk.pl\/wp-content\/uploads\/2025\/08\/IMG-20250819-WA0010-1.jpg 1536w, https:\/\/maxsimuselektryk.pl\/wp-content\/uploads\/2025\/08\/IMG-20250819-WA0010-1-225x300.jpg 225w, https:\/\/maxsimuselektryk.pl\/wp-content\/uploads\/2025\/08\/IMG-20250819-WA0010-1-768x1024.jpg 768w, https:\/\/maxsimuselektryk.pl\/wp-content\/uploads\/2025\/08\/IMG-20250819-WA0010-1-1152x1536.jpg 1152w\" sizes=\"(max-width: 1536px) 100vw, 1536px\" \/><\/a>\n\t\t\t<\/div><\/figure>\n\t\t<\/div>\n\t\t<\/div>\n\t\t\t\t\t\t<\/div>\n\t\t\t\t\t<\/div>\n\t\t<\/div>\n\t\t\t\t\t<\/div>\n\t\t<\/section>\n\t\t\t\t<section class=\"elementor-section elementor-top-section elementor-element elementor-element-a7e40c0 elementor-section-boxed elementor-section-height-default elementor-section-height-default\" data-id=\"a7e40c0\" data-element_type=\"section\" data-settings=\"{&quot;background_background&quot;:&quot;classic&quot;}\">\n\t\t\t\t\t\t\t<div class=\"elementor-background-overlay\"><\/div>\n\t\t\t\t\t\t\t<div class=\"elementor-container elementor-column-gap-default\">\n\t\t\t\t\t<div class=\"elementor-column elementor-col-100 elementor-top-column elementor-element elementor-element-3505563\" data-id=\"3505563\" data-element_type=\"column\">\n\t\t\t<div class=\"elementor-widget-wrap elementor-element-populated\">\n\t\t\t\t\t\t<div class=\"elementor-element elementor-element-f56278c elementor-widget elementor-widget-heading\" data-id=\"f56278c\" data-element_type=\"widget\" data-widget_type=\"heading.default\">\n\t\t\t\t\t<h2 class=\"elementor-heading-title elementor-size-default\">Potrzebujesz profesjonalisty?<\/h2>\t\t\t\t<\/div>\n\t\t\t\t<div class=\"elementor-element elementor-element-6082f14 elementor-widget elementor-widget-text-editor\" data-id=\"6082f14\" data-element_type=\"widget\" data-widget_type=\"text-editor.default\">\n\t\t\t\t\t\t\t\t\t<p>Skontaktuj si\u0119 ze mn\u0105 w dogodny dla ciebie spos\u00f3b, odpowiem jak najszybciej to mo\u017cliwe.<\/p>\t\t\t\t\t\t\t\t<\/div>\n\t\t\t\t<div class=\"elementor-element elementor-element-fd29d0d elementor-align-center elementor-widget elementor-widget-button\" data-id=\"fd29d0d\" data-element_type=\"widget\" data-widget_type=\"button.default\">\n\t\t\t\t\t\t\t\t\t\t<a class=\"elementor-button elementor-button-link elementor-size-md\" href=\"https:\/\/maxsimuselektryk.pl\/?page_id=1223\">\n\t\t\t\t\t\t<span class=\"elementor-button-content-wrapper\">\n\t\t\t\t\t\t\t\t\t<span class=\"elementor-button-text\">Kontakt<\/span>\n\t\t\t\t\t<\/span>\n\t\t\t\t\t<\/a>\n\t\t\t\t\t\t\t\t<\/div>\n\t\t\t\t\t<\/div>\n\t\t<\/div>\n\t\t\t\t\t<\/div>\n\t\t<\/section>\n\t\t\t\t<\/div>\n\t\t","protected":false},"excerpt":{"rendered":"<p>Portfolio Potrzebujesz profesjonalisty? Skontaktuj si\u0119 ze mn\u0105 w dogodny dla ciebie spos\u00f3b, odpowiem jak najszybciej to mo\u017cliwe. Kontakt<\/p>\n","protected":false},"author":1,"featured_media":0,"parent":0,"menu_order":0,"comment_status":"closed","ping_status":"closed","template":"","meta":{"_kadence_starter_templates_imported_post":true,"_kad_post_transparent":"","_kad_post_title":"hide","_kad_post_layout":"fullwidth","_kad_post_sidebar_id":"","_kad_post_content_style":"unboxed","_kad_post_vertical_padding":"hide","_kad_post_feature":"hide","_kad_post_feature_position":"","_kad_post_header":false,"_kad_post_footer":false,"footnotes":""},"class_list":["post-1564","page","type-page","status-publish","hentry"],"_links":{"self":[{"href":"https:\/\/maxsimuselektryk.pl\/index.php?rest_route=\/wp\/v2\/pages\/1564","targetHints":{"allow":["GET"]}}],"collection":[{"href":"https:\/\/maxsimuselektryk.pl\/index.php?rest_route=\/wp\/v2\/pages"}],"about":[{"href":"https:\/\/maxsimuselektryk.pl\/index.php?rest_route=\/wp\/v2\/types\/page"}],"author":[{"embeddable":true,"href":"https:\/\/maxsimuselektryk.pl\/index.php?rest_route=\/wp\/v2\/users\/1"}],"replies":[{"embeddable":true,"href":"https:\/\/maxsimuselektryk.pl\/index.php?rest_route=%2Fwp%2Fv2%2Fcomments&post=1564"}],"version-history":[{"count":7,"href":"https:\/\/maxsimuselektryk.pl\/index.php?rest_route=\/wp\/v2\/pages\/1564\/revisions"}],"predecessor-version":[{"id":2227,"href":"https:\/\/maxsimuselektryk.pl\/index.php?rest_route=\/wp\/v2\/pages\/1564\/revisions\/2227"}],"wp:attachment":[{"href":"https:\/\/maxsimuselektryk.pl\/index.php?rest_route=%2Fwp%2Fv2%2Fmedia&parent=1564"}],"curies":[{"name":"wp","href":"https:\/\/api.w.org\/{rel}","templated":true}]}}